{"id":1948,"date":"2024-09-02T23:28:06","date_gmt":"2024-09-02T23:28:06","guid":{"rendered":"https:\/\/doctorfalcon.com\/?post_type=product&#038;p=1948"},"modified":"2024-10-28T13:24:49","modified_gmt":"2024-10-28T19:24:49","slug":"blood-sugar-support","status":"publish","type":"product","link":"https:\/\/doctorfalcon.com\/en\/product\/blood-sugar-support\/","title":{"rendered":"Blood Sugar Support"},"content":{"rendered":"<h2>Regula Los Niveles de Glucosa<\/h2>\n<p>Nuestro producto ayuda a normalizar los niveles excesivos de glucosa y homo-toxinas en la sangre. Al mantener estos niveles equilibrados, puedes mejorar tu bienestar general y reducir riesgos asociados con la hiperglucemia.<\/p>\n<h2>Estimula La Producci\u00f3n de Hormonas Pancre\u00e1ticas<\/h2>\n<p>Este suplemento promueve la producci\u00f3n de la hormona pancre\u00e1tica, esencial para una adecuada regulaci\u00f3n del az\u00facar en la sangre. Un sistema endocrino saludable es vital para el metabolismo y el balance energ\u00e9tico del cuerpo.<\/p>\n<h2>Mejora Tu Metabolismo y Energ\u00eda<\/h2>\n<p>Nuestro producto no solo regula glucosa sino que tambi\u00e9n activa un metabolismo bajo, incrementando tus niveles de energ\u00eda diarios. Con su uso continuo, podr\u00e1s ver mejoras tanto en tus actividades diarias como en tu calidad de vida.<\/p>","protected":false},"excerpt":{"rendered":"<p>Suplemento nutricional basado en su totalidad en extractos de plantas medicinales, fortalece y promueve una mayor elasticidad de nuestras venas y arterias. Ideal para complementar dietas saludables<\/p>","protected":false},"featured_media":1949,"comment_status":"open","ping_status":"closed","template":"","meta":{"_eb_attr":"","site-sidebar-layout":"default","site-content-layout":"","ast-site-content-layout":"default","site-content-style":"default","site-sidebar-style":"default","ast-global-header-display":"","ast-banner-title-visibility":"","ast-main-header-display":"","ast-hfb-above-header-display":"","ast-hfb-below-header-display":"","ast-hfb-mobile-header-display":"","site-post-title":"","ast-breadcrumbs-content":"","ast-featured-img":"","footer-sml-layout":"","theme-transparent-header-meta":"default","adv-header-id-meta":"","stick-header-meta":"","header-above-stick-meta":"","header-main-stick-meta":"","header-below-stick-meta":"","astra-migrate-meta-layouts":"set","ast-page-background-enabled":"default","ast-page-background-meta":{"desktop":{"background-color":"","background-image":"","background-repeat":"repeat","background-position":"center center","background-size":"auto","background-attachment":"scroll","background-type":"","background-media":"","overlay-type":"","overlay-color":"","overlay-opacity":"","overlay-gradient":""},"tablet":{"background-color":"","background-image":"","background-repeat":"repeat","background-position":"center center","background-size":"auto","background-attachment":"scroll","background-type":"","background-media":"","overlay-type":"","overlay-color":"","overlay-opacity":"","overlay-gradient":""},"mobile":{"background-color":"","background-image":"","background-repeat":"repeat","background-position":"center center","background-size":"auto","background-attachment":"scroll","background-type":"","background-media":"","overlay-type":"","overlay-color":"","overlay-opacity":"","overlay-gradient":""}},"ast-content-background-meta":{"desktop":{"background-color":"var(--ast-global-color-5)","background-image":"","background-repeat":"repeat","background-position":"center center","background-size":"auto","background-attachment":"scroll","background-type":"","background-media":"","overlay-type":"","overlay-color":"","overlay-opacity":"","overlay-gradient":""},"tablet":{"background-color":"var(--ast-global-color-5)","background-image":"","background-repeat":"repeat","background-position":"center center","background-size":"auto","background-attachment":"scroll","background-type":"","background-media":"","overlay-type":"","overlay-color":"","overlay-opacity":"","overlay-gradient":""},"mobile":{"background-color":"var(--ast-global-color-5)","background-image":"","background-repeat":"repeat","background-position":"center center","background-size":"auto","background-attachment":"scroll","background-type":"","background-media":"","overlay-type":"","overlay-color":"","overlay-opacity":"","overlay-gradient":""}}},"product_brand":[],"product_cat":[26],"product_tag":[],"class_list":{"0":"post-1948","1":"product","2":"type-product","3":"status-publish","4":"has-post-thumbnail","6":"product_cat-capsulas","7":"desktop-align-left","8":"tablet-align-left","9":"mobile-align-left","11":"first","12":"instock","13":"taxable","14":"shipping-taxable","15":"purchasable","16":"product-type-simple"},"jetpack_sharing_enabled":true,"_links":{"self":[{"href":"https:\/\/doctorfalcon.com\/en\/wp-json\/wp\/v2\/product\/1948","targetHints":{"allow":["GET"]}}],"collection":[{"href":"https:\/\/doctorfalcon.com\/en\/wp-json\/wp\/v2\/product"}],"about":[{"href":"https:\/\/doctorfalcon.com\/en\/wp-json\/wp\/v2\/types\/product"}],"replies":[{"embeddable":true,"href":"https:\/\/doctorfalcon.com\/en\/wp-json\/wp\/v2\/comments?post=1948"}],"wp:featuredmedia":[{"embeddable":true,"href":"https:\/\/doctorfalcon.com\/en\/wp-json\/wp\/v2\/media\/1949"}],"wp:attachment":[{"href":"https:\/\/doctorfalcon.com\/en\/wp-json\/wp\/v2\/media?parent=1948"}],"wp:term":[{"taxonomy":"product_brand","embeddable":true,"href":"https:\/\/doctorfalcon.com\/en\/wp-json\/wp\/v2\/product_brand?post=1948"},{"taxonomy":"product_cat","embeddable":true,"href":"https:\/\/doctorfalcon.com\/en\/wp-json\/wp\/v2\/product_cat?post=1948"},{"taxonomy":"product_tag","embeddable":true,"href":"https:\/\/doctorfalcon.com\/en\/wp-json\/wp\/v2\/product_tag?post=1948"}],"curies":[{"name":"wp","href":"https:\/\/api.w.org\/{rel}","templated":true}]}}