{"id":1939,"date":"2024-09-02T23:20:57","date_gmt":"2024-09-02T23:20:57","guid":{"rendered":"https:\/\/doctorfalcon.com\/?post_type=product&#038;p=1939"},"modified":"2024-10-28T13:27:24","modified_gmt":"2024-10-28T19:27:24","slug":"memo-vite","status":"publish","type":"product","link":"https:\/\/doctorfalcon.com\/en\/product\/memo-vite\/","title":{"rendered":"Memo-Vite"},"content":{"rendered":"<h2>\u00bfProblemas de Atenci\u00f3n?<\/h2>\n<p>Si tienes dificultades con la atenci\u00f3n y concentraci\u00f3n, nuestro suplemento es la soluci\u00f3n perfecta para personas de todas las edades. Ayuda a mantener un enfoque constante y a mejorar la calidad de vida.<\/p>\n<h2>Concentraci\u00f3n Mejorada<\/h2>\n<p>Este producto est\u00e1 dise\u00f1ado para asistir en las funciones cognitivas, permiti\u00e9ndote pensar con mayor claridad y realizar tareas diarias con m\u00e1s eficacia. Funciona adapt\u00e1ndose a las necesidades de cada usuario.<\/p>\n<h2>Salud Vascular \u00d3ptima<\/h2>\n<p>No solo mejora la mente, tambi\u00e9n apoya el buen mantenimiento y limpieza de arterias y venas. Nuestra f\u00f3rmula avanzada promueve una circulaci\u00f3n saludable, ayudando a prevenir futuros problemas cardiovasculares.<\/p>","protected":false},"excerpt":{"rendered":"<p>Suplemento nutricional basado en su totalidad en extractos de plantas medicinales, fortalece y promueve una mayor elasticidad de nuestras venas y arterias. Ideal para complementar dietas saludables<\/p>","protected":false},"featured_media":1940,"comment_status":"open","ping_status":"closed","template":"","meta":{"_eb_attr":"","site-sidebar-layout":"default","site-content-layout":"","ast-site-content-layout":"default","site-content-style":"default","site-sidebar-style":"default","ast-global-header-display":"","ast-banner-title-visibility":"","ast-main-header-display":"","ast-hfb-above-header-display":"","ast-hfb-below-header-display":"","ast-hfb-mobile-header-display":"","site-post-title":"","ast-breadcrumbs-content":"","ast-featured-img":"","footer-sml-layout":"","theme-transparent-header-meta":"default","adv-header-id-meta":"","stick-header-meta":"","header-above-stick-meta":"","header-main-stick-meta":"","header-below-stick-meta":"","astra-migrate-meta-layouts":"set","ast-page-background-enabled":"default","ast-page-background-meta":{"desktop":{"background-color":"","background-image":"","background-repeat":"repeat","background-position":"center center","background-size":"auto","background-attachment":"scroll","background-type":"","background-media":"","overlay-type":"","overlay-color":"","overlay-opacity":"","overlay-gradient":""},"tablet":{"background-color":"","background-image":"","background-repeat":"repeat","background-position":"center center","background-size":"auto","background-attachment":"scroll","background-type":"","background-media":"","overlay-type":"","overlay-color":"","overlay-opacity":"","overlay-gradient":""},"mobile":{"background-color":"","background-image":"","background-repeat":"repeat","background-position":"center center","background-size":"auto","background-attachment":"scroll","background-type":"","background-media":"","overlay-type":"","overlay-color":"","overlay-opacity":"","overlay-gradient":""}},"ast-content-background-meta":{"desktop":{"background-color":"var(--ast-global-color-5)","background-image":"","background-repeat":"repeat","background-position":"center center","background-size":"auto","background-attachment":"scroll","background-type":"","background-media":"","overlay-type":"","overlay-color":"","overlay-opacity":"","overlay-gradient":""},"tablet":{"background-color":"var(--ast-global-color-5)","background-image":"","background-repeat":"repeat","background-position":"center center","background-size":"auto","background-attachment":"scroll","background-type":"","background-media":"","overlay-type":"","overlay-color":"","overlay-opacity":"","overlay-gradient":""},"mobile":{"background-color":"var(--ast-global-color-5)","background-image":"","background-repeat":"repeat","background-position":"center center","background-size":"auto","background-attachment":"scroll","background-type":"","background-media":"","overlay-type":"","overlay-color":"","overlay-opacity":"","overlay-gradient":""}}},"product_brand":[],"product_cat":[26],"product_tag":[],"class_list":{"0":"post-1939","1":"product","2":"type-product","3":"status-publish","4":"has-post-thumbnail","6":"product_cat-capsulas","7":"desktop-align-left","8":"tablet-align-left","9":"mobile-align-left","11":"first","12":"instock","13":"taxable","14":"shipping-taxable","15":"purchasable","16":"product-type-simple"},"jetpack_sharing_enabled":true,"_links":{"self":[{"href":"https:\/\/doctorfalcon.com\/en\/wp-json\/wp\/v2\/product\/1939","targetHints":{"allow":["GET"]}}],"collection":[{"href":"https:\/\/doctorfalcon.com\/en\/wp-json\/wp\/v2\/product"}],"about":[{"href":"https:\/\/doctorfalcon.com\/en\/wp-json\/wp\/v2\/types\/product"}],"replies":[{"embeddable":true,"href":"https:\/\/doctorfalcon.com\/en\/wp-json\/wp\/v2\/comments?post=1939"}],"wp:featuredmedia":[{"embeddable":true,"href":"https:\/\/doctorfalcon.com\/en\/wp-json\/wp\/v2\/media\/1940"}],"wp:attachment":[{"href":"https:\/\/doctorfalcon.com\/en\/wp-json\/wp\/v2\/media?parent=1939"}],"wp:term":[{"taxonomy":"product_brand","embeddable":true,"href":"https:\/\/doctorfalcon.com\/en\/wp-json\/wp\/v2\/product_brand?post=1939"},{"taxonomy":"product_cat","embeddable":true,"href":"https:\/\/doctorfalcon.com\/en\/wp-json\/wp\/v2\/product_cat?post=1939"},{"taxonomy":"product_tag","embeddable":true,"href":"https:\/\/doctorfalcon.com\/en\/wp-json\/wp\/v2\/product_tag?post=1939"}],"curies":[{"name":"wp","href":"https:\/\/api.w.org\/{rel}","templated":true}]}}