{"id":1936,"date":"2024-09-02T23:18:37","date_gmt":"2024-09-02T23:18:37","guid":{"rendered":"https:\/\/doctorfalcon.com\/?post_type=product&#038;p=1936"},"modified":"2024-10-30T00:30:22","modified_gmt":"2024-10-30T06:30:22","slug":"artereoflex","status":"publish","type":"product","link":"https:\/\/doctorfalcon.com\/en\/product\/artereoflex\/","title":{"rendered":"Artereoflex"},"content":{"rendered":"<h2>Reducci\u00f3n de Ansiedad y Depresi\u00f3n<\/h2>\n<p>Nuestro producto est\u00e1 dise\u00f1ado espec\u00edficamente para reducir el impacto de emociones fuertes, como la ansiedad y la depresi\u00f3n. Con ingredientes seleccionados cuidadosamente, ayuda a estabilizar su estado emocional.<\/p>\n<h2>Alivio de Dolor en el Pecho y Sofocaci\u00f3n<\/h2>\n<p>Adem\u00e1s de los beneficios emocionales, este calmante puede ser eficaz en la mejora del dolor en el pecho y la sofocaci\u00f3n. Al minimizar estos s\u00edntomas, podr\u00e1 llevar una vida m\u00e1s c\u00f3moda y libre de molestias.<\/p>\n<h2>Minimizaci\u00f3n de Estados Nerviosos<\/h2>\n<p>En momentos de alta tensi\u00f3n y nerviosismo, nuestro producto act\u00faa r\u00e1pidamente para reducir los niveles de estr\u00e9s. Su f\u00f3rmula avanzada permite una marcada reducci\u00f3n de los estados nerviosos fuertes, contribuyendo a su bienestar general.<\/p>","protected":false},"excerpt":{"rendered":"<p>Suplemento nutricional basado en su totalidad en extractos de plantas medicinales, fortalece y promueve una mayor elasticidad de nuestras venas y arterias. Ideal para complementar dietas saludables<\/p>","protected":false},"featured_media":1937,"comment_status":"open","ping_status":"closed","template":"","meta":{"_eb_attr":"","site-sidebar-layout":"default","site-content-layout":"","ast-site-content-layout":"default","site-content-style":"default","site-sidebar-style":"default","ast-global-header-display":"","ast-banner-title-visibility":"","ast-main-header-display":"","ast-hfb-above-header-display":"","ast-hfb-below-header-display":"","ast-hfb-mobile-header-display":"","site-post-title":"","ast-breadcrumbs-content":"","ast-featured-img":"","footer-sml-layout":"","theme-transparent-header-meta":"default","adv-header-id-meta":"","stick-header-meta":"","header-above-stick-meta":"","header-main-stick-meta":"","header-below-stick-meta":"","astra-migrate-meta-layouts":"set","ast-page-background-enabled":"default","ast-page-background-meta":{"desktop":{"background-color":"","background-image":"","background-repeat":"repeat","background-position":"center center","background-size":"auto","background-attachment":"scroll","background-type":"","background-media":"","overlay-type":"","overlay-color":"","overlay-opacity":"","overlay-gradient":""},"tablet":{"background-color":"","background-image":"","background-repeat":"repeat","background-position":"center center","background-size":"auto","background-attachment":"scroll","background-type":"","background-media":"","overlay-type":"","overlay-color":"","overlay-opacity":"","overlay-gradient":""},"mobile":{"background-color":"","background-image":"","background-repeat":"repeat","background-position":"center center","background-size":"auto","background-attachment":"scroll","background-type":"","background-media":"","overlay-type":"","overlay-color":"","overlay-opacity":"","overlay-gradient":""}},"ast-content-background-meta":{"desktop":{"background-color":"var(--ast-global-color-5)","background-image":"","background-repeat":"repeat","background-position":"center center","background-size":"auto","background-attachment":"scroll","background-type":"","background-media":"","overlay-type":"","overlay-color":"","overlay-opacity":"","overlay-gradient":""},"tablet":{"background-color":"var(--ast-global-color-5)","background-image":"","background-repeat":"repeat","background-position":"center center","background-size":"auto","background-attachment":"scroll","background-type":"","background-media":"","overlay-type":"","overlay-color":"","overlay-opacity":"","overlay-gradient":""},"mobile":{"background-color":"var(--ast-global-color-5)","background-image":"","background-repeat":"repeat","background-position":"center center","background-size":"auto","background-attachment":"scroll","background-type":"","background-media":"","overlay-type":"","overlay-color":"","overlay-opacity":"","overlay-gradient":""}}},"product_brand":[],"product_cat":[26],"product_tag":[],"class_list":{"0":"post-1936","1":"product","2":"type-product","3":"status-publish","4":"has-post-thumbnail","6":"product_cat-capsulas","7":"desktop-align-left","8":"tablet-align-left","9":"mobile-align-left","11":"first","12":"instock","13":"taxable","14":"shipping-taxable","15":"purchasable","16":"product-type-simple"},"jetpack_sharing_enabled":true,"_links":{"self":[{"href":"https:\/\/doctorfalcon.com\/en\/wp-json\/wp\/v2\/product\/1936","targetHints":{"allow":["GET"]}}],"collection":[{"href":"https:\/\/doctorfalcon.com\/en\/wp-json\/wp\/v2\/product"}],"about":[{"href":"https:\/\/doctorfalcon.com\/en\/wp-json\/wp\/v2\/types\/product"}],"replies":[{"embeddable":true,"href":"https:\/\/doctorfalcon.com\/en\/wp-json\/wp\/v2\/comments?post=1936"}],"wp:featuredmedia":[{"embeddable":true,"href":"https:\/\/doctorfalcon.com\/en\/wp-json\/wp\/v2\/media\/1937"}],"wp:attachment":[{"href":"https:\/\/doctorfalcon.com\/en\/wp-json\/wp\/v2\/media?parent=1936"}],"wp:term":[{"taxonomy":"product_brand","embeddable":true,"href":"https:\/\/doctorfalcon.com\/en\/wp-json\/wp\/v2\/product_brand?post=1936"},{"taxonomy":"product_cat","embeddable":true,"href":"https:\/\/doctorfalcon.com\/en\/wp-json\/wp\/v2\/product_cat?post=1936"},{"taxonomy":"product_tag","embeddable":true,"href":"https:\/\/doctorfalcon.com\/en\/wp-json\/wp\/v2\/product_tag?post=1936"}],"curies":[{"name":"wp","href":"https:\/\/api.w.org\/{rel}","templated":true}]}}