{"id":1933,"date":"2024-09-02T23:15:15","date_gmt":"2024-09-02T23:15:15","guid":{"rendered":"https:\/\/doctorfalcon.com\/?post_type=product&#038;p=1933"},"modified":"2024-10-28T13:28:35","modified_gmt":"2024-10-28T19:28:35","slug":"super-nopal","status":"publish","type":"product","link":"https:\/\/doctorfalcon.com\/en\/product\/super-nopal\/","title":{"rendered":"Super nopal 11, reforzado con noni"},"content":{"rendered":"<h2>Una Soluci\u00f3n Integral para Problemas F\u00edsicos<\/h2>\n<p>Nuestra f\u00f3rmula desintoxicante nutritiva es profundamente eficaz y est\u00e1 indicada para cualquier problema f\u00edsico. Es especialmente beneficiosa para quienes sufren de lupus, diabetes, artritis y mala circulaci\u00f3n.<\/p>\n<h2>Mejora la Calidad de tu Sangre<\/h2>\n<p>Esta soluci\u00f3n no solo limpia la sangre de toxinas, sino que tambi\u00e9n ayuda en casos de acn\u00e9, inflamaciones, gastritis, anemia e intoxicaci\u00f3n de la sangre. Previene problemas comunes y mejora tu salud general.<\/p>\n<h2>Apoyo a tu Sistema Inmunol\u00f3gico<\/h2>\n<p>Adem\u00e1s, nuestra f\u00f3rmula fortifica tu sistema inmunol\u00f3gico, ayudando con la deficiencia inmunol\u00f3gica, debilidad f\u00edsica y depresi\u00f3n. Su efectividad es respaldada por numerosos estudios que demuestran su capacidad para revitalizar y ofrecer un bienestar integral.<\/p>","protected":false},"excerpt":{"rendered":"<p>Suplemento nutricional basado en su totalidad en extractos de plantas medicinales, fortalece y promueve una mayor elasticidad de nuestras venas y arterias. Ideal para complementar dietas saludables<\/p>","protected":false},"featured_media":1934,"comment_status":"open","ping_status":"closed","template":"","meta":{"_eb_attr":"","site-sidebar-layout":"default","site-content-layout":"","ast-site-content-layout":"default","site-content-style":"default","site-sidebar-style":"default","ast-global-header-display":"","ast-banner-title-visibility":"","ast-main-header-display":"","ast-hfb-above-header-display":"","ast-hfb-below-header-display":"","ast-hfb-mobile-header-display":"","site-post-title":"","ast-breadcrumbs-content":"","ast-featured-img":"","footer-sml-layout":"","theme-transparent-header-meta":"default","adv-header-id-meta":"","stick-header-meta":"","header-above-stick-meta":"","header-main-stick-meta":"","header-below-stick-meta":"","astra-migrate-meta-layouts":"set","ast-page-background-enabled":"default","ast-page-background-meta":{"desktop":{"background-color":"","background-image":"","background-repeat":"repeat","background-position":"center center","background-size":"auto","background-attachment":"scroll","background-type":"","background-media":"","overlay-type":"","overlay-color":"","overlay-opacity":"","overlay-gradient":""},"tablet":{"background-color":"","background-image":"","background-repeat":"repeat","background-position":"center center","background-size":"auto","background-attachment":"scroll","background-type":"","background-media":"","overlay-type":"","overlay-color":"","overlay-opacity":"","overlay-gradient":""},"mobile":{"background-color":"","background-image":"","background-repeat":"repeat","background-position":"center center","background-size":"auto","background-attachment":"scroll","background-type":"","background-media":"","overlay-type":"","overlay-color":"","overlay-opacity":"","overlay-gradient":""}},"ast-content-background-meta":{"desktop":{"background-color":"var(--ast-global-color-5)","background-image":"","background-repeat":"repeat","background-position":"center center","background-size":"auto","background-attachment":"scroll","background-type":"","background-media":"","overlay-type":"","overlay-color":"","overlay-opacity":"","overlay-gradient":""},"tablet":{"background-color":"var(--ast-global-color-5)","background-image":"","background-repeat":"repeat","background-position":"center center","background-size":"auto","background-attachment":"scroll","background-type":"","background-media":"","overlay-type":"","overlay-color":"","overlay-opacity":"","overlay-gradient":""},"mobile":{"background-color":"var(--ast-global-color-5)","background-image":"","background-repeat":"repeat","background-position":"center center","background-size":"auto","background-attachment":"scroll","background-type":"","background-media":"","overlay-type":"","overlay-color":"","overlay-opacity":"","overlay-gradient":""}}},"product_brand":[],"product_cat":[26],"product_tag":[],"class_list":{"0":"post-1933","1":"product","2":"type-product","3":"status-publish","4":"has-post-thumbnail","6":"product_cat-capsulas","7":"desktop-align-left","8":"tablet-align-left","9":"mobile-align-left","11":"first","12":"instock","13":"taxable","14":"shipping-taxable","15":"purchasable","16":"product-type-simple"},"jetpack_sharing_enabled":true,"_links":{"self":[{"href":"https:\/\/doctorfalcon.com\/en\/wp-json\/wp\/v2\/product\/1933","targetHints":{"allow":["GET"]}}],"collection":[{"href":"https:\/\/doctorfalcon.com\/en\/wp-json\/wp\/v2\/product"}],"about":[{"href":"https:\/\/doctorfalcon.com\/en\/wp-json\/wp\/v2\/types\/product"}],"replies":[{"embeddable":true,"href":"https:\/\/doctorfalcon.com\/en\/wp-json\/wp\/v2\/comments?post=1933"}],"wp:featuredmedia":[{"embeddable":true,"href":"https:\/\/doctorfalcon.com\/en\/wp-json\/wp\/v2\/media\/1934"}],"wp:attachment":[{"href":"https:\/\/doctorfalcon.com\/en\/wp-json\/wp\/v2\/media?parent=1933"}],"wp:term":[{"taxonomy":"product_brand","embeddable":true,"href":"https:\/\/doctorfalcon.com\/en\/wp-json\/wp\/v2\/product_brand?post=1933"},{"taxonomy":"product_cat","embeddable":true,"href":"https:\/\/doctorfalcon.com\/en\/wp-json\/wp\/v2\/product_cat?post=1933"},{"taxonomy":"product_tag","embeddable":true,"href":"https:\/\/doctorfalcon.com\/en\/wp-json\/wp\/v2\/product_tag?post=1933"}],"curies":[{"name":"wp","href":"https:\/\/api.w.org\/{rel}","templated":true}]}}