{"id":1930,"date":"2024-09-02T23:03:43","date_gmt":"2024-09-02T23:03:43","guid":{"rendered":"https:\/\/doctorfalcon.com\/?post_type=product&#038;p=1930"},"modified":"2024-10-28T13:29:04","modified_gmt":"2024-10-28T19:29:04","slug":"stress-b-with-c-herbs","status":"publish","type":"product","link":"https:\/\/doctorfalcon.com\/en\/product\/stress-b-with-c-herbs\/","title":{"rendered":"Stress-B with C &#038; herbs"},"content":{"rendered":"<h2>Fortalece tu Sistema Nervioso de Forma Natural<\/h2>\n<p>Descubre la extraordinaria combinaci\u00f3n de vitaminas y plantas medicinales que hemos formulado especialmente para ti. Nuestro producto es la soluci\u00f3n ideal para fortalecer tu sistema nervioso de manera natural.<\/p>\n<h2>Vitaminas Esenciales para tu Bienestar<\/h2>\n<p>En nuestra f\u00f3rmula, hemos seleccionado las mejores vitaminas conocidas por sus propiedades ben\u00e9ficas. Estas vitaminas trabajan juntas para mejorar el funcionamiento de tu sistema nervioso, proporcionando un apoyo integral a tu salud.<\/p>\n<h2>Plantas Medicinales para un Descanso \u00d3ptimo<\/h2>\n<p>Las plantas medicinales incluidas en nuestro producto son reconocidas por sus propiedades relajantes y calmantes. Juntas, permiten lograr un descanso \u00f3ptimo durante la noche, ayud\u00e1ndote a despertar renovado y listo para un nuevo d\u00eda.<\/p>","protected":false},"excerpt":{"rendered":"<p>Suplemento nutricional basado en su totalidad en extractos de plantas medicinales, fortalece y promueve una mayor elasticidad de nuestras venas y arterias. Ideal para complementar dietas saludables<\/p>","protected":false},"featured_media":1931,"comment_status":"open","ping_status":"closed","template":"","meta":{"_eb_attr":"","site-sidebar-layout":"default","site-content-layout":"","ast-site-content-layout":"default","site-content-style":"default","site-sidebar-style":"default","ast-global-header-display":"","ast-banner-title-visibility":"","ast-main-header-display":"","ast-hfb-above-header-display":"","ast-hfb-below-header-display":"","ast-hfb-mobile-header-display":"","site-post-title":"","ast-breadcrumbs-content":"","ast-featured-img":"","footer-sml-layout":"","theme-transparent-header-meta":"default","adv-header-id-meta":"","stick-header-meta":"","header-above-stick-meta":"","header-main-stick-meta":"","header-below-stick-meta":"","astra-migrate-meta-layouts":"set","ast-page-background-enabled":"default","ast-page-background-meta":{"desktop":{"background-color":"","background-image":"","background-repeat":"repeat","background-position":"center center","background-size":"auto","background-attachment":"scroll","background-type":"","background-media":"","overlay-type":"","overlay-color":"","overlay-opacity":"","overlay-gradient":""},"tablet":{"background-color":"","background-image":"","background-repeat":"repeat","background-position":"center center","background-size":"auto","background-attachment":"scroll","background-type":"","background-media":"","overlay-type":"","overlay-color":"","overlay-opacity":"","overlay-gradient":""},"mobile":{"background-color":"","background-image":"","background-repeat":"repeat","background-position":"center center","background-size":"auto","background-attachment":"scroll","background-type":"","background-media":"","overlay-type":"","overlay-color":"","overlay-opacity":"","overlay-gradient":""}},"ast-content-background-meta":{"desktop":{"background-color":"var(--ast-global-color-5)","background-image":"","background-repeat":"repeat","background-position":"center center","background-size":"auto","background-attachment":"scroll","background-type":"","background-media":"","overlay-type":"","overlay-color":"","overlay-opacity":"","overlay-gradient":""},"tablet":{"background-color":"var(--ast-global-color-5)","background-image":"","background-repeat":"repeat","background-position":"center center","background-size":"auto","background-attachment":"scroll","background-type":"","background-media":"","overlay-type":"","overlay-color":"","overlay-opacity":"","overlay-gradient":""},"mobile":{"background-color":"var(--ast-global-color-5)","background-image":"","background-repeat":"repeat","background-position":"center center","background-size":"auto","background-attachment":"scroll","background-type":"","background-media":"","overlay-type":"","overlay-color":"","overlay-opacity":"","overlay-gradient":""}}},"product_brand":[],"product_cat":[26],"product_tag":[],"class_list":{"0":"post-1930","1":"product","2":"type-product","3":"status-publish","4":"has-post-thumbnail","6":"product_cat-capsulas","7":"desktop-align-left","8":"tablet-align-left","9":"mobile-align-left","11":"first","12":"instock","13":"taxable","14":"shipping-taxable","15":"purchasable","16":"product-type-simple"},"jetpack_sharing_enabled":true,"_links":{"self":[{"href":"https:\/\/doctorfalcon.com\/en\/wp-json\/wp\/v2\/product\/1930","targetHints":{"allow":["GET"]}}],"collection":[{"href":"https:\/\/doctorfalcon.com\/en\/wp-json\/wp\/v2\/product"}],"about":[{"href":"https:\/\/doctorfalcon.com\/en\/wp-json\/wp\/v2\/types\/product"}],"replies":[{"embeddable":true,"href":"https:\/\/doctorfalcon.com\/en\/wp-json\/wp\/v2\/comments?post=1930"}],"wp:featuredmedia":[{"embeddable":true,"href":"https:\/\/doctorfalcon.com\/en\/wp-json\/wp\/v2\/media\/1931"}],"wp:attachment":[{"href":"https:\/\/doctorfalcon.com\/en\/wp-json\/wp\/v2\/media?parent=1930"}],"wp:term":[{"taxonomy":"product_brand","embeddable":true,"href":"https:\/\/doctorfalcon.com\/en\/wp-json\/wp\/v2\/product_brand?post=1930"},{"taxonomy":"product_cat","embeddable":true,"href":"https:\/\/doctorfalcon.com\/en\/wp-json\/wp\/v2\/product_cat?post=1930"},{"taxonomy":"product_tag","embeddable":true,"href":"https:\/\/doctorfalcon.com\/en\/wp-json\/wp\/v2\/product_tag?post=1930"}],"curies":[{"name":"wp","href":"https:\/\/api.w.org\/{rel}","templated":true}]}}