{"id":2494,"date":"2025-08-23T16:05:05","date_gmt":"2025-08-23T22:05:05","guid":{"rendered":"https:\/\/doctorfalcon.com\/?page_id=2494"},"modified":"2025-08-23T16:37:56","modified_gmt":"2025-08-23T22:37:56","slug":"hh-528-copy","status":"publish","type":"page","link":"https:\/\/doctorfalcon.com\/en\/hh-528-copy\/","title":{"rendered":"Supplements"},"content":{"rendered":"<div data-elementor-type=\"wp-page\" data-elementor-id=\"2494\" class=\"elementor elementor-2494\">\n\t\t\t\t<div class=\"elementor-element elementor-element-ad0b4dd e-con-full e-flex e-con e-parent\" data-id=\"ad0b4dd\" data-element_type=\"container\" data-settings=\"{&quot;background_background&quot;:&quot;classic&quot;}\">\n\t\t<div class=\"elementor-element elementor-element-a669864 e-con-full e-flex e-con e-child\" data-id=\"a669864\" data-element_type=\"container\">\n\t\t\t\t<div class=\"elementor-element elementor-element-09fb320 elementor-widget elementor-widget-heading\" data-id=\"09fb320\" data-element_type=\"widget\" data-widget_type=\"heading.default\">\n\t\t\t\t<div class=\"elementor-widget-container\">\n\t\t\t\t\t<h1 class=\"elementor-heading-title elementor-size-default\">Supplements<\/h1>\t\t\t\t<\/div>\n\t\t\t\t<\/div>\n\t\t\t\t<\/div>\n\t\t\t\t<\/div>\n\t\t<div class=\"elementor-element elementor-element-7845cce e-flex e-con-boxed e-con e-parent\" data-id=\"7845cce\" data-element_type=\"container\">\n\t\t\t\t\t<div class=\"e-con-inner\">\n\t\t\t\t<div class=\"elementor-element elementor-element-c31c33f elementor-widget elementor-widget-spacer\" data-id=\"c31c33f\" data-element_type=\"widget\" data-widget_type=\"spacer.default\">\n\t\t\t\t<div class=\"elementor-widget-container\">\n\t\t\t\t\t\t\t<div class=\"elementor-spacer\">\n\t\t\t<div class=\"elementor-spacer-inner\"><\/div>\n\t\t<\/div>\n\t\t\t\t\t\t<\/div>\n\t\t\t\t<\/div>\n\t\t\t\t<div class=\"elementor-element elementor-element-ed1896f elementor-widget elementor-widget-heading\" data-id=\"ed1896f\" data-element_type=\"widget\" data-widget_type=\"heading.default\">\n\t\t\t\t<div class=\"elementor-widget-container\">\n\t\t\t\t\t<h2 class=\"elementor-heading-title elementor-size-default\">Internal Nutrition and Natural Regeneration<\/h2>\t\t\t\t<\/div>\n\t\t\t\t<\/div>\n\t\t\t\t<div class=\"elementor-element elementor-element-d981a16 elementor-widget elementor-widget-spacer\" data-id=\"d981a16\" data-element_type=\"widget\" data-widget_type=\"spacer.default\">\n\t\t\t\t<div class=\"elementor-widget-container\">\n\t\t\t\t\t\t\t<div class=\"elementor-spacer\">\n\t\t\t<div class=\"elementor-spacer-inner\"><\/div>\n\t\t<\/div>\n\t\t\t\t\t\t<\/div>\n\t\t\t\t<\/div>\n\t\t\t\t<div class=\"elementor-element elementor-element-469f87c9 elementor-widget elementor-widget-text-editor\" data-id=\"469f87c9\" data-element_type=\"widget\" data-widget_type=\"text-editor.default\">\n\t\t\t\t<div class=\"elementor-widget-container\">\n\t\t\t\t\t\t\t\t\t<p>Our approach is based on deeply nourishing the internal organs, providing the body with the essential elements it needs to activate its own regeneration and restoration processes.<br \/>Through 100% natural supplements made from carefully selected roots, flowers, and fruits, we support internal balance and cellular revitalization.<\/p>\n<p>These supplements not only deliver highly bioavailable vitamins, minerals, and phytonutrients, but also work in harmony with the body\u2019s natural detoxification systems, strengthening the function of each organ and enhancing vital energy.<br \/>In this way, the body regains its innate ability to heal itself, maintain holistic balance, and promote lasting health\u2014without resorting to invasive methods or synthetic chemicals.<\/p>\t\t\t\t\t\t\t\t<\/div>\n\t\t\t\t<\/div>\n\t\t\t\t\t<\/div>\n\t\t\t\t<\/div>\n\t\t\t\t<\/div>","protected":false},"excerpt":{"rendered":"<p>Suplementos Nutrici\u00f3n Interna y Regeneraci\u00f3n Natural Nuestro enfoque se basa en nutrir profundamente los \u00f3rganos internos, proporcionando al cuerpo los elementos esenciales que necesita para activar sus propios procesos de regeneraci\u00f3n y restauraci\u00f3n.A trav\u00e9s de suplementos 100% naturales, elaborados con ra\u00edces, flores y frutos de plantas cuidadosamente seleccionadas, apoyamos el equilibrio interno y la revitalizaci\u00f3n [&hellip;]<\/p>","protected":false},"author":1,"featured_media":0,"parent":0,"menu_order":0,"comment_status":"closed","ping_status":"closed","template":"","meta":{"_eb_attr":"","site-sidebar-layout":"default","site-content-layout":"","ast-site-content-layout":"default","site-content-style":"default","site-sidebar-style":"default","ast-global-header-display":"","ast-banner-title-visibility":"","ast-main-header-display":"","ast-hfb-above-header-display":"","ast-hfb-below-header-display":"","ast-hfb-mobile-header-display":"","site-post-title":"","ast-breadcrumbs-content":"","ast-featured-img":"","footer-sml-layout":"","theme-transparent-header-meta":"","adv-header-id-meta":"","stick-header-meta":"","header-above-stick-meta":"","header-main-stick-meta":"","header-below-stick-meta":"","astra-migrate-meta-layouts":"set","ast-page-background-enabled":"default","ast-page-background-meta":{"desktop":{"background-color":"","background-image":"","background-repeat":"repeat","background-position":"center center","background-size":"auto","background-attachment":"scroll","background-type":"","background-media":"","overlay-type":"","overlay-color":"","overlay-opacity":"","overlay-gradient":""},"tablet":{"background-color":"","background-image":"","background-repeat":"repeat","background-position":"center center","background-size":"auto","background-attachment":"scroll","background-type":"","background-media":"","overlay-type":"","overlay-color":"","overlay-opacity":"","overlay-gradient":""},"mobile":{"background-color":"","background-image":"","background-repeat":"repeat","background-position":"center center","background-size":"auto","background-attachment":"scroll","background-type":"","background-media":"","overlay-type":"","overlay-color":"","overlay-opacity":"","overlay-gradient":""}},"ast-content-background-meta":{"desktop":{"background-color":"var(--ast-global-color-5)","background-image":"","background-repeat":"repeat","background-position":"center center","background-size":"auto","background-attachment":"scroll","background-type":"","background-media":"","overlay-type":"","overlay-color":"","overlay-opacity":"","overlay-gradient":""},"tablet":{"background-color":"var(--ast-global-color-5)","background-image":"","background-repeat":"repeat","background-position":"center center","background-size":"auto","background-attachment":"scroll","background-type":"","background-media":"","overlay-type":"","overlay-color":"","overlay-opacity":"","overlay-gradient":""},"mobile":{"background-color":"var(--ast-global-color-5)","background-image":"","background-repeat":"repeat","background-position":"center center","background-size":"auto","background-attachment":"scroll","background-type":"","background-media":"","overlay-type":"","overlay-color":"","overlay-opacity":"","overlay-gradient":""}},"footnotes":""},"class_list":["post-2494","page","type-page","status-publish","hentry"],"jetpack_sharing_enabled":true,"_links":{"self":[{"href":"https:\/\/doctorfalcon.com\/en\/wp-json\/wp\/v2\/pages\/2494","targetHints":{"allow":["GET"]}}],"collection":[{"href":"https:\/\/doctorfalcon.com\/en\/wp-json\/wp\/v2\/pages"}],"about":[{"href":"https:\/\/doctorfalcon.com\/en\/wp-json\/wp\/v2\/types\/page"}],"author":[{"embeddable":true,"href":"https:\/\/doctorfalcon.com\/en\/wp-json\/wp\/v2\/users\/1"}],"replies":[{"embeddable":true,"href":"https:\/\/doctorfalcon.com\/en\/wp-json\/wp\/v2\/comments?post=2494"}],"version-history":[{"count":9,"href":"https:\/\/doctorfalcon.com\/en\/wp-json\/wp\/v2\/pages\/2494\/revisions"}],"predecessor-version":[{"id":2531,"href":"https:\/\/doctorfalcon.com\/en\/wp-json\/wp\/v2\/pages\/2494\/revisions\/2531"}],"wp:attachment":[{"href":"https:\/\/doctorfalcon.com\/en\/wp-json\/wp\/v2\/media?parent=2494"}],"curies":[{"name":"wp","href":"https:\/\/api.w.org\/{rel}","templated":true}]}}