{"id":1083,"date":"2024-08-25T01:50:00","date_gmt":"2024-08-25T01:50:00","guid":{"rendered":"https:\/\/doctorfalcon.com\/about-us\/"},"modified":"2024-11-27T18:41:30","modified_gmt":"2024-11-28T00:41:30","slug":"conocenos","status":"publish","type":"page","link":"https:\/\/doctorfalcon.com\/en\/conocenos\/","title":{"rendered":"About us"},"content":{"rendered":"<div data-elementor-type=\"wp-post\" data-elementor-id=\"1083\" class=\"elementor elementor-1083\">\n\t\t\t\t<div class=\"elementor-element elementor-element-79bf402 e-flex e-con-boxed e-con e-parent\" data-id=\"79bf402\" data-element_type=\"container\" data-settings=\"{&quot;background_background&quot;:&quot;classic&quot;}\">\n\t\t\t\t\t<div class=\"e-con-inner\">\n\t\t\t\t\t<\/div>\n\t\t\t\t<\/div>\n\t\t<div class=\"elementor-element elementor-element-382155f e-con-full e-flex e-con e-parent\" data-id=\"382155f\" data-element_type=\"container\" data-settings=\"{&quot;background_background&quot;:&quot;classic&quot;}\">\n\t\t<div class=\"elementor-element elementor-element-0d2fdfe e-con-full e-flex e-con e-child\" data-id=\"0d2fdfe\" data-element_type=\"container\">\n\t\t\t\t<div class=\"elementor-element elementor-element-b1c7270 elementor-widget elementor-widget-heading\" data-id=\"b1c7270\" data-element_type=\"widget\" data-widget_type=\"heading.default\">\n\t\t\t\t<div class=\"elementor-widget-container\">\n\t\t\t\t\t<h1 class=\"elementor-heading-title elementor-size-default\">About us<\/h1>\t\t\t\t<\/div>\n\t\t\t\t<\/div>\n\t\t\t\t<\/div>\n\t\t\t\t<\/div>\n\t\t<div class=\"elementor-element elementor-element-42ec44b e-flex e-con-boxed e-con e-parent\" data-id=\"42ec44b\" data-element_type=\"container\">\n\t\t\t\t\t<div class=\"e-con-inner\">\n\t\t\t\t<div class=\"elementor-element elementor-element-0bd64a9 elementor-widget elementor-widget-spacer\" data-id=\"0bd64a9\" data-element_type=\"widget\" data-widget_type=\"spacer.default\">\n\t\t\t\t<div class=\"elementor-widget-container\">\n\t\t\t\t\t\t\t<div class=\"elementor-spacer\">\n\t\t\t<div class=\"elementor-spacer-inner\"><\/div>\n\t\t<\/div>\n\t\t\t\t\t\t<\/div>\n\t\t\t\t<\/div>\n\t\t\t\t\t<\/div>\n\t\t\t\t<\/div>\n\t\t<div class=\"elementor-element elementor-element-5967fa2 e-flex e-con-boxed e-con e-parent\" data-id=\"5967fa2\" data-element_type=\"container\">\n\t\t\t\t\t<div class=\"e-con-inner\">\n\t\t<div class=\"elementor-element elementor-element-56270c7 e-con-full e-flex e-con e-child\" data-id=\"56270c7\" data-element_type=\"container\">\n\t\t<div class=\"elementor-element elementor-element-0544b2c e-con-full e-flex e-con e-child\" data-id=\"0544b2c\" data-element_type=\"container\">\n\t\t\t\t<div class=\"elementor-element elementor-element-28712f3 elementor-widget elementor-widget-image\" data-id=\"28712f3\" data-element_type=\"widget\" data-widget_type=\"image.default\">\n\t\t\t\t<div class=\"elementor-widget-container\">\n\t\t\t\t\t\t\t\t\t\t\t\t\t\t\t<img fetchpriority=\"high\" decoding=\"async\" width=\"977\" height=\"886\" src=\"https:\/\/doctorfalcon.com\/wp-content\/uploads\/2024\/11\/dr.falcon.png\" class=\"attachment-large size-large wp-image-2453\" alt=\"\" srcset=\"https:\/\/doctorfalcon.com\/wp-content\/uploads\/2024\/11\/dr.falcon.png 977w, https:\/\/doctorfalcon.com\/wp-content\/uploads\/2024\/11\/dr.falcon-300x272.png 300w, https:\/\/doctorfalcon.com\/wp-content\/uploads\/2024\/11\/dr.falcon-768x696.png 768w, https:\/\/doctorfalcon.com\/wp-content\/uploads\/2024\/11\/dr.falcon-13x12.png 13w, https:\/\/doctorfalcon.com\/wp-content\/uploads\/2024\/11\/dr.falcon-600x544.png 600w\" sizes=\"(max-width: 977px) 100vw, 977px\" \/>\t\t\t\t\t\t\t\t\t\t\t\t\t\t\t<\/div>\n\t\t\t\t<\/div>\n\t\t\t\t<div class=\"elementor-element elementor-element-9d1ceb3 elementor-widget elementor-widget-heading\" data-id=\"9d1ceb3\" data-element_type=\"widget\" data-widget_type=\"heading.default\">\n\t\t\t\t<div class=\"elementor-widget-container\">\n\t\t\t\t\t<h3 class=\"elementor-heading-title elementor-size-default\">Dr. Arturo Falc\u00f3n | Director - Founder<\/h3>\t\t\t\t<\/div>\n\t\t\t\t<\/div>\n\t\t\t\t<\/div>\n\t\t\t\t<\/div>\n\t\t<div class=\"elementor-element elementor-element-349d5ec e-con-full e-flex e-con e-child\" data-id=\"349d5ec\" data-element_type=\"container\">\n\t\t\t\t<div class=\"elementor-element elementor-element-ce08abc elementor-widget elementor-widget-heading\" data-id=\"ce08abc\" data-element_type=\"widget\" data-widget_type=\"heading.default\">\n\t\t\t\t<div class=\"elementor-widget-container\">\n\t\t\t\t\t<h2 class=\"elementor-heading-title elementor-size-default\"><div style=\"font-family: Rubik;letter-spacing: 1.08px;padding: 0px 80.3594px;font-size: 10.4vw\"><div data-width-percentage=\"34.4\" style=\"min-width: 100%;line-height: 1em;font-size: max(0.75rem, 34.4%)\"><span style=\"font-size: inherit;letter-spacing: 0em;text-align: var(--text-align)\">Our founder and director<\/span><br><\/div><\/div><div style=\"font-family: Rubik;letter-spacing: 1.08px;padding: 0px 80.3594px;font-size: 4vw\"><div data-width-percentage=\"34.4\" style=\"min-width: 100%;line-height: 1em;margin-top: 38.5625px;font-size: max(0.75rem, 34.4%)\"><p style=\"font-size: inherit;font-style: normal;font-weight: 300;letter-spacing: 0em;line-height: 1.6em\">Dr. Arturo Falcon, a health professional and instructor in the area of alternative medicine, with over 30 years of experience using multiple diagnostic methods, non-invasive techniques and alternative therapies to help his patients regain their health.<\/p><p style=\"font-size: inherit;font-style: normal;font-weight: 300;margin-bottom: 0px;letter-spacing: 0em;line-height: 1.6em\">In the area of treatments, Dr. Falcon's specialty has been homeopathy, nutrition and traditional oriental medicine.<\/p><\/div><\/div><\/h2>\t\t\t\t<\/div>\n\t\t\t\t<\/div>\n\t\t\t\t<\/div>\n\t\t\t\t\t<\/div>\n\t\t\t\t<\/div>\n\t\t<div class=\"elementor-element elementor-element-c7bafd9 e-flex e-con-boxed e-con e-parent\" data-id=\"c7bafd9\" data-element_type=\"container\" data-settings=\"{&quot;background_background&quot;:&quot;classic&quot;}\">\n\t\t\t\t\t<div class=\"e-con-inner\">\n\t\t<div class=\"elementor-element elementor-element-dd6a178 e-con-full e-flex e-con e-child\" data-id=\"dd6a178\" data-element_type=\"container\">\n\t\t\t\t<div class=\"elementor-element elementor-element-94ed2dc elementor-widget elementor-widget-heading\" data-id=\"94ed2dc\" data-element_type=\"widget\" data-widget_type=\"heading.default\">\n\t\t\t\t<div class=\"elementor-widget-container\">\n\t\t\t\t\t<h2 class=\"elementor-heading-title elementor-size-default\">Our Services<\/h2>\t\t\t\t<\/div>\n\t\t\t\t<\/div>\n\t\t\t\t<div class=\"elementor-element elementor-element-2c013c7 elementor-widget elementor-widget-text-editor\" data-id=\"2c013c7\" data-element_type=\"widget\" data-widget_type=\"text-editor.default\">\n\t\t\t\t<div class=\"elementor-widget-container\">\n\t\t\t\t\t\t\t\t\t<ul>\n<li style=\"text-rendering: optimizelegibility; font-family: Rubik; font-style: normal; font-size: 26px; letter-spacing: 0.02em; line-height: 1.2em; color: #1d1d1d; white-space-collapse: preserve;\">Ancient Mexican traditional medicine, Chinese, Ayurveda.<\/li>\n<li style=\"text-rendering: optimizelegibility; font-family: Rubik; font-style: normal; font-size: 26px; letter-spacing: 0.02em; line-height: 1.2em; color: #1d1d1d; white-space-collapse: preserve;\">Natural weight reduction and control, without side effects.<\/li>\n<li style=\"text-rendering: optimizelegibility; font-family: Rubik; font-style: normal; font-size: 26px; letter-spacing: 0.02em; line-height: 1.2em; color: #1d1d1d; white-space-collapse: preserve;\">Homeopathic Treatments.<\/li>\n<li style=\"text-rendering: optimizelegibility; font-family: Rubik; font-style: normal; font-size: 26px; letter-spacing: 0.02em; line-height: 1.2em; color: #1d1d1d; white-space-collapse: preserve;\">Medical Biomagnetism Therapies.<\/li>\n<li style=\"text-rendering: optimizelegibility; font-family: Rubik; font-style: normal; font-size: 26px; letter-spacing: 0.02em; line-height: 1.2em; color: #1d1d1d; white-space-collapse: preserve;\">Traditional Chinese Medicine (acupressure, moxibustion, auricular therapy, herbal medicine, electropuncture, etc.)<\/li>\n<li style=\"text-rendering: optimizelegibility; font-family: Rubik; font-style: normal; font-size: 26px; letter-spacing: 0.02em; line-height: 1.2em; color: #1d1d1d; white-space-collapse: preserve;\">Plans for healthy nutrition and prevention of chronic and acute diseases.<\/li>\n<li style=\"text-rendering: optimizelegibility; font-family: Rubik; font-style: normal; font-size: 26px; letter-spacing: 0.02em; line-height: 1.2em; color: #1d1d1d; white-space-collapse: preserve;\">We attend children and adults.<\/li>\n<\/ul>\t\t\t\t\t\t\t\t<\/div>\n\t\t\t\t<\/div>\n\t\t\t\t<div class=\"elementor-element elementor-element-75a538c elementor-button-info elementor-widget elementor-widget-button\" data-id=\"75a538c\" data-element_type=\"widget\" data-widget_type=\"button.default\">\n\t\t\t\t<div class=\"elementor-widget-container\">\n\t\t\t\t\t\t\t\t\t<div class=\"elementor-button-wrapper\">\n\t\t\t\t\t<a class=\"elementor-button elementor-button-link elementor-size-md\" href=\"#\">\n\t\t\t\t\t\t<span class=\"elementor-button-content-wrapper\">\n\t\t\t\t\t\t\t\t\t<span class=\"elementor-button-text\">Learn more<\/span>\n\t\t\t\t\t<\/span>\n\t\t\t\t\t<\/a>\n\t\t\t\t<\/div>\n\t\t\t\t\t\t\t\t<\/div>\n\t\t\t\t<\/div>\n\t\t\t\t<div class=\"elementor-element elementor-element-ec73f21 elementor-widget elementor-widget-image\" data-id=\"ec73f21\" data-element_type=\"widget\" data-widget_type=\"image.default\">\n\t\t\t\t<div class=\"elementor-widget-container\">\n\t\t\t\t\t\t\t\t\t\t\t\t\t\t\t<img decoding=\"async\" width=\"1792\" height=\"1024\" src=\"https:\/\/doctorfalcon.com\/wp-content\/uploads\/2024\/09\/5.jpeg\" class=\"attachment-full size-full wp-image-2081\" alt=\"\" srcset=\"https:\/\/doctorfalcon.com\/wp-content\/uploads\/2024\/09\/5.jpeg 1792w, https:\/\/doctorfalcon.com\/wp-content\/uploads\/2024\/09\/5-300x171.jpeg 300w, https:\/\/doctorfalcon.com\/wp-content\/uploads\/2024\/09\/5-1024x585.jpeg 1024w, https:\/\/doctorfalcon.com\/wp-content\/uploads\/2024\/09\/5-768x439.jpeg 768w, https:\/\/doctorfalcon.com\/wp-content\/uploads\/2024\/09\/5-1536x878.jpeg 1536w, https:\/\/doctorfalcon.com\/wp-content\/uploads\/2024\/09\/5-600x343.jpeg 600w\" sizes=\"(max-width: 1792px) 100vw, 1792px\" \/>\t\t\t\t\t\t\t\t\t\t\t\t\t\t\t<\/div>\n\t\t\t\t<\/div>\n\t\t\t\t<div class=\"elementor-element elementor-element-5406152 elementor-widget elementor-widget-text-editor\" data-id=\"5406152\" data-element_type=\"widget\" data-widget_type=\"text-editor.default\">\n\t\t\t\t<div class=\"elementor-widget-container\">\n\t\t\t\t\t\t\t\t\t<p><em style=\"overflow-wrap: break-word; color: rgba(29, 29, 29, 0.7); font-family: Rubik; font-size: 18px; letter-spacing: 1.08px; white-space-collapse: preserve; background-color: #ffffff;\">Dr. Falc\u00f3n's area of specialty has been Naturopathy, Homeopathy, Medical Nutrition, Medical Biomagnetism, Traditional Mexican, Chinese and Ayurvedic Medicine.<\/em><\/p>\t\t\t\t\t\t\t\t<\/div>\n\t\t\t\t<\/div>\n\t\t\t\t<\/div>\n\t\t\t\t\t<\/div>\n\t\t\t\t<\/div>\n\t\t<div class=\"elementor-element elementor-element-6600bf6 e-flex e-con-boxed e-con e-parent\" data-id=\"6600bf6\" data-element_type=\"container\">\n\t\t\t\t\t<div class=\"e-con-inner\">\n\t\t\t\t<div class=\"elementor-element elementor-element-460e06f elementor-widget elementor-widget-image\" data-id=\"460e06f\" data-element_type=\"widget\" data-widget_type=\"image.default\">\n\t\t\t\t<div class=\"elementor-widget-container\">\n\t\t\t\t\t\t\t\t\t\t\t\t\t\t\t<img decoding=\"async\" width=\"1024\" height=\"1024\" src=\"https:\/\/doctorfalcon.com\/wp-content\/uploads\/2024\/09\/7.jpeg\" class=\"attachment-large size-large wp-image-2196\" alt=\"\" srcset=\"https:\/\/doctorfalcon.com\/wp-content\/uploads\/2024\/09\/7.jpeg 1024w, https:\/\/doctorfalcon.com\/wp-content\/uploads\/2024\/09\/7-300x300.jpeg 300w, https:\/\/doctorfalcon.com\/wp-content\/uploads\/2024\/09\/7-150x150.jpeg 150w, https:\/\/doctorfalcon.com\/wp-content\/uploads\/2024\/09\/7-768x768.jpeg 768w, https:\/\/doctorfalcon.com\/wp-content\/uploads\/2024\/09\/7-600x600.jpeg 600w, https:\/\/doctorfalcon.com\/wp-content\/uploads\/2024\/09\/7-100x100.jpeg 100w\" sizes=\"(max-width: 1024px) 100vw, 1024px\" \/>\t\t\t\t\t\t\t\t\t\t\t\t\t\t\t<\/div>\n\t\t\t\t<\/div>\n\t\t\t\t\t<\/div>\n\t\t\t\t<\/div>\n\t\t<div class=\"elementor-element elementor-element-91068dd e-flex e-con-boxed e-con e-parent\" data-id=\"91068dd\" data-element_type=\"container\">\n\t\t\t\t\t<div class=\"e-con-inner\">\n\t\t\t\t\t<\/div>\n\t\t\t\t<\/div>\n\t\t<div class=\"elementor-element elementor-element-b3df15c e-flex e-con-boxed e-con e-parent\" data-id=\"b3df15c\" data-element_type=\"container\" data-settings=\"{&quot;background_background&quot;:&quot;classic&quot;}\">\n\t\t\t\t\t<div class=\"e-con-inner\">\n\t\t\t\t<div class=\"elementor-element elementor-element-2005034 elementor-widget__width-initial elementor-widget elementor-widget-text-editor\" data-id=\"2005034\" data-element_type=\"widget\" data-widget_type=\"text-editor.default\">\n\t\t\t\t<div class=\"elementor-widget-container\">\n\t\t\t\t\t\t\t\t\t<p>Recover your wellness and energy with our treatments and nutrition plans. We will help you take control of your physical, mental and emotional health, achieving amazing results without side effects.<\/p>\t\t\t\t\t\t\t\t<\/div>\n\t\t\t\t<\/div>\n\t\t\t\t<div class=\"elementor-element elementor-element-300860c elementor-widget elementor-widget-heading\" data-id=\"300860c\" data-element_type=\"widget\" data-widget_type=\"heading.default\">\n\t\t\t\t<div class=\"elementor-widget-container\">\n\t\t\t\t\t<h2 class=\"elementor-heading-title elementor-size-default\">Get started!<\/h2>\t\t\t\t<\/div>\n\t\t\t\t<\/div>\n\t\t\t\t<div class=\"elementor-element elementor-element-fe82dc4 elementor-mobile-align-center elementor-align-center elementor-widget elementor-widget-button\" data-id=\"fe82dc4\" data-element_type=\"widget\" data-widget_type=\"button.default\">\n\t\t\t\t<div class=\"elementor-widget-container\">\n\t\t\t\t\t\t\t\t\t<div class=\"elementor-button-wrapper\">\n\t\t\t\t\t<a class=\"elementor-button elementor-button-link elementor-size-md\" href=\"https:\/\/doctorfalcon.com\/en\/productos\/\">\n\t\t\t\t\t\t<span class=\"elementor-button-content-wrapper\">\n\t\t\t\t\t\t\t\t\t<span class=\"elementor-button-text\">See Products<\/span>\n\t\t\t\t\t<\/span>\n\t\t\t\t\t<\/a>\n\t\t\t\t<\/div>\n\t\t\t\t\t\t\t\t<\/div>\n\t\t\t\t<\/div>\n\t\t\t\t<div class=\"elementor-element elementor-element-c2a4f87 elementor-widget elementor-widget-spacer\" data-id=\"c2a4f87\" data-element_type=\"widget\" data-widget_type=\"spacer.default\">\n\t\t\t\t<div class=\"elementor-widget-container\">\n\t\t\t\t\t\t\t<div class=\"elementor-spacer\">\n\t\t\t<div class=\"elementor-spacer-inner\"><\/div>\n\t\t<\/div>\n\t\t\t\t\t\t<\/div>\n\t\t\t\t<\/div>\n\t\t\t\t\t<\/div>\n\t\t\t\t<\/div>\n\t\t<div class=\"elementor-element elementor-element-d740d93 e-flex e-con-boxed e-con e-parent\" data-id=\"d740d93\" data-element_type=\"container\" data-settings=\"{&quot;background_background&quot;:&quot;classic&quot;}\">\n\t\t\t\t\t<div class=\"e-con-inner\">\n\t\t<div class=\"elementor-element elementor-element-81fa0ff e-con-full e-flex e-con e-child\" data-id=\"81fa0ff\" data-element_type=\"container\">\n\t\t\t\t<\/div>\n\t\t\t\t\t<\/div>\n\t\t\t\t<\/div>\n\t\t\t\t<\/div>","protected":false},"excerpt":{"rendered":"<p>Con\u00f3cenos Dr. Arturo Falc\u00f3n | Director &#8211; Fundador Nuestro fundador y director Dr. Arturo Falcon, Profesional de la salud e instructor en el area de la medicina alternativa, con mas de 30 a\u00f1os de experiencia utilizando m\u00faltiples m\u00e9todos de diagnostico, t\u00e9cnicas no invasivas y terapias alternativas, para ayudar a sus pacientes a recobrar su salud. [&hellip;]<\/p>","protected":false},"author":1,"featured_media":0,"parent":0,"menu_order":0,"comment_status":"closed","ping_status":"closed","template":"","meta":{"_eb_attr":"","site-sidebar-layout":"no-sidebar","site-content-layout":"page-builder","ast-site-content-layout":"full-width-container","site-content-style":"unboxed","site-sidebar-style":"unboxed","ast-global-header-display":"","ast-banner-title-visibility":"","ast-main-header-display":"","ast-hfb-above-header-display":"","ast-hfb-below-header-display":"","ast-hfb-mobile-header-display":"","site-post-title":"disabled","ast-breadcrumbs-content":"","ast-featured-img":"disabled","footer-sml-layout":"","theme-transparent-header-meta":"enabled","adv-header-id-meta":"","stick-header-meta":"","header-above-stick-meta":"","header-main-stick-meta":"","header-below-stick-meta":"","astra-migrate-meta-layouts":"set","ast-page-background-enabled":"default","ast-page-background-meta":{"desktop":{"background-color":"","background-image":"","background-repeat":"repeat","background-position":"center center","background-size":"auto","background-attachment":"scroll","background-type":"","background-media":"","overlay-type":"","overlay-color":"","overlay-opacity":"","overlay-gradient":""},"tablet":{"background-color":"","background-image":"","background-repeat":"repeat","background-position":"center center","background-size":"auto","background-attachment":"scroll","background-type":"","background-media":"","overlay-type":"","overlay-color":"","overlay-opacity":"","overlay-gradient":""},"mobile":{"background-color":"","background-image":"","background-repeat":"repeat","background-position":"center center","background-size":"auto","background-attachment":"scroll","background-type":"","background-media":"","overlay-type":"","overlay-color":"","overlay-opacity":"","overlay-gradient":""}},"ast-content-background-meta":{"desktop":{"background-color":"var(--ast-global-color-5)","background-image":"","background-repeat":"repeat","background-position":"center center","background-size":"auto","background-attachment":"scroll","background-type":"","background-media":"","overlay-type":"","overlay-color":"","overlay-opacity":"","overlay-gradient":""},"tablet":{"background-color":"var(--ast-global-color-5)","background-image":"","background-repeat":"repeat","background-position":"center center","background-size":"auto","background-attachment":"scroll","background-type":"","background-media":"","overlay-type":"","overlay-color":"","overlay-opacity":"","overlay-gradient":""},"mobile":{"background-color":"var(--ast-global-color-5)","background-image":"","background-repeat":"repeat","background-position":"center center","background-size":"auto","background-attachment":"scroll","background-type":"","background-media":"","overlay-type":"","overlay-color":"","overlay-opacity":"","overlay-gradient":""}},"footnotes":""},"class_list":["post-1083","page","type-page","status-publish","hentry"],"jetpack_sharing_enabled":true,"_links":{"self":[{"href":"https:\/\/doctorfalcon.com\/en\/wp-json\/wp\/v2\/pages\/1083","targetHints":{"allow":["GET"]}}],"collection":[{"href":"https:\/\/doctorfalcon.com\/en\/wp-json\/wp\/v2\/pages"}],"about":[{"href":"https:\/\/doctorfalcon.com\/en\/wp-json\/wp\/v2\/types\/page"}],"author":[{"embeddable":true,"href":"https:\/\/doctorfalcon.com\/en\/wp-json\/wp\/v2\/users\/1"}],"replies":[{"embeddable":true,"href":"https:\/\/doctorfalcon.com\/en\/wp-json\/wp\/v2\/comments?post=1083"}],"version-history":[{"count":68,"href":"https:\/\/doctorfalcon.com\/en\/wp-json\/wp\/v2\/pages\/1083\/revisions"}],"predecessor-version":[{"id":2465,"href":"https:\/\/doctorfalcon.com\/en\/wp-json\/wp\/v2\/pages\/1083\/revisions\/2465"}],"wp:attachment":[{"href":"https:\/\/doctorfalcon.com\/en\/wp-json\/wp\/v2\/media?parent=1083"}],"curies":[{"name":"wp","href":"https:\/\/api.w.org\/{rel}","templated":true}]}}