{"id":10,"date":"2024-08-25T01:49:46","date_gmt":"2024-08-25T01:49:46","guid":{"rendered":"https:\/\/doctorfalcon.com\/10-2\/"},"modified":"2025-08-23T16:40:10","modified_gmt":"2025-08-23T22:40:10","slug":"hh528","status":"publish","type":"page","link":"https:\/\/doctorfalcon.com\/en\/hh528\/","title":{"rendered":"H&amp;h 528"},"content":{"rendered":"<div data-elementor-type=\"wp-page\" data-elementor-id=\"10\" class=\"elementor elementor-10\">\n\t\t\t\t<div class=\"elementor-element elementor-element-ad0b4dd e-con-full e-flex e-con e-parent\" data-id=\"ad0b4dd\" data-element_type=\"container\" data-settings=\"{&quot;background_background&quot;:&quot;classic&quot;}\">\n\t\t<div class=\"elementor-element elementor-element-a669864 e-con-full e-flex e-con e-child\" data-id=\"a669864\" data-element_type=\"container\">\n\t\t\t\t<div class=\"elementor-element elementor-element-09fb320 elementor-widget elementor-widget-heading\" data-id=\"09fb320\" data-element_type=\"widget\" data-widget_type=\"heading.default\">\n\t\t\t\t<div class=\"elementor-widget-container\">\n\t\t\t\t\t<h1 class=\"elementor-heading-title elementor-size-default\">H&amp;H 528 - Wellness<\/h1>\t\t\t\t<\/div>\n\t\t\t\t<\/div>\n\t\t\t\t<\/div>\n\t\t\t\t<\/div>\n\t\t<div class=\"elementor-element elementor-element-7845cce e-flex e-con-boxed e-con e-parent\" data-id=\"7845cce\" data-element_type=\"container\">\n\t\t\t\t\t<div class=\"e-con-inner\">\n\t\t\t\t<div class=\"elementor-element elementor-element-c31c33f elementor-widget elementor-widget-spacer\" data-id=\"c31c33f\" data-element_type=\"widget\" data-widget_type=\"spacer.default\">\n\t\t\t\t<div class=\"elementor-widget-container\">\n\t\t\t\t\t\t\t<div class=\"elementor-spacer\">\n\t\t\t<div class=\"elementor-spacer-inner\"><\/div>\n\t\t<\/div>\n\t\t\t\t\t\t<\/div>\n\t\t\t\t<\/div>\n\t\t\t\t<div class=\"elementor-element elementor-element-ed1896f elementor-widget elementor-widget-heading\" data-id=\"ed1896f\" data-element_type=\"widget\" data-widget_type=\"heading.default\">\n\t\t\t\t<div class=\"elementor-widget-container\">\n\t\t\t\t\t<h2 class=\"elementor-heading-title elementor-size-default\">Our Mission<\/h2>\t\t\t\t<\/div>\n\t\t\t\t<\/div>\n\t\t\t\t<div class=\"elementor-element elementor-element-d981a16 elementor-widget elementor-widget-spacer\" data-id=\"d981a16\" data-element_type=\"widget\" data-widget_type=\"spacer.default\">\n\t\t\t\t<div class=\"elementor-widget-container\">\n\t\t\t\t\t\t\t<div class=\"elementor-spacer\">\n\t\t\t<div class=\"elementor-spacer-inner\"><\/div>\n\t\t<\/div>\n\t\t\t\t\t\t<\/div>\n\t\t\t\t<\/div>\n\t\t\t\t<div class=\"elementor-element elementor-element-469f87c9 elementor-widget elementor-widget-text-editor\" data-id=\"469f87c9\" data-element_type=\"widget\" data-widget_type=\"text-editor.default\">\n\t\t\t\t<div class=\"elementor-widget-container\">\n\t\t\t\t\t\t\t\t\t<p><strong style=\"font-style: inherit;\">\u00a0<\/strong><span style=\"font-style: inherit; font-weight: inherit;\">At our institution, we believe that health is not merely the absence of disease, but a state of physical, mental, and emotional balance.<\/span><\/p>\n<p class=\"translation-block\">Our mission is <strong>to serve the community<\/strong> with a holistic approach that helps <strong>prevent physical imbalances<\/strong> and supports a full and dignified life.\n<br>To achieve this, we bring together the best of various disciplines:<\/p>\n<p>\u00a0<\/p>\n<p><!-- \/wp:paragraph --><!-- wp:list --><\/p>\n<ul class=\"wp-block-list\">\n<li style=\"list-style-type: none;\">\n<ul class=\"wp-block-list\"><!-- wp:list-item --><\/ul>\n<\/li>\n<\/ul>\n<ul class=\"wp-block-list\">\n<li style=\"list-style-type: none;\">\n<ul class=\"wp-block-list\">\n<li><strong>Allopathic Medicine<\/strong>, with its scientific foundation and clinical diagnostics.<\/li>\n<\/ul>\n<\/li>\n<\/ul>\n<p><!-- \/wp:list-item --><!-- wp:list-item --><\/p>\n<ul class=\"wp-block-list\">\n<li style=\"list-style-type: none;\">\n<ul class=\"wp-block-list\">\n<li><strong>Traditional Chinese Medicine<\/strong>, with its ancient vision of energetic balance.<\/li>\n<\/ul>\n<\/li>\n<\/ul>\n<p><!-- \/wp:list-item --><!-- wp:list-item --><\/p>\n<ul class=\"wp-block-list\">\n<li style=\"list-style-type: none;\">\n<ul class=\"wp-block-list\">\n<li><strong>Native American Herbalism<\/strong>, harnessing ancestral wisdom of medicinal plants.<\/li>\n<\/ul>\n<\/li>\n<\/ul>\n<p><!-- \/wp:list-item --><!-- wp:list-item --><\/p>\n<ul class=\"wp-block-list\">\n<li style=\"list-style-type: none;\">\n<ul class=\"wp-block-list\">\n<li><strong>Homeopathy<\/strong>, to stimulate the body\u2019s natural healing mechanisms.<\/li>\n<\/ul>\n<\/li>\n<\/ul>\n<p><!-- \/wp:list-item --><!-- wp:list-item --><\/p>\n<ul class=\"wp-block-list\">\n<li style=\"list-style-type: none;\">\n<ul class=\"wp-block-list\">\n<li><strong>Nutrition<\/strong>, as a cornerstone of preventive health.<\/li>\n<\/ul>\n<\/li>\n<\/ul>\n<p><!-- \/wp:list-item --><\/p>\n<p><!-- \/wp:list --><!-- wp:paragraph --><\/p>\n<p class=\"translation-block\">This integrative approach allows us to offer <strong>personalized and human-centered solutions<\/strong>, always with respect for tradition and current scientific knowledge.<\/p>\n<p><!-- \/wp:list-item --><\/p>\n<p><!-- \/wp:list --><\/p>\t\t\t\t\t\t\t\t<\/div>\n\t\t\t\t<\/div>\n\t\t\t\t<div class=\"elementor-element elementor-element-47941e1 elementor-widget elementor-widget-spacer\" data-id=\"47941e1\" data-element_type=\"widget\" data-widget_type=\"spacer.default\">\n\t\t\t\t<div class=\"elementor-widget-container\">\n\t\t\t\t\t\t\t<div class=\"elementor-spacer\">\n\t\t\t<div class=\"elementor-spacer-inner\"><\/div>\n\t\t<\/div>\n\t\t\t\t\t\t<\/div>\n\t\t\t\t<\/div>\n\t\t\t\t<div class=\"elementor-element elementor-element-4843948 elementor-widget-divider--view-line elementor-widget elementor-widget-divider\" data-id=\"4843948\" data-element_type=\"widget\" data-widget_type=\"divider.default\">\n\t\t\t\t<div class=\"elementor-widget-container\">\n\t\t\t\t\t\t\t<div class=\"elementor-divider\">\n\t\t\t<span class=\"elementor-divider-separator\">\n\t\t\t\t\t\t<\/span>\n\t\t<\/div>\n\t\t\t\t\t\t<\/div>\n\t\t\t\t<\/div>\n\t\t\t\t<div class=\"elementor-element elementor-element-2629d3e elementor-widget elementor-widget-spacer\" data-id=\"2629d3e\" data-element_type=\"widget\" data-widget_type=\"spacer.default\">\n\t\t\t\t<div class=\"elementor-widget-container\">\n\t\t\t\t\t\t\t<div class=\"elementor-spacer\">\n\t\t\t<div class=\"elementor-spacer-inner\"><\/div>\n\t\t<\/div>\n\t\t\t\t\t\t<\/div>\n\t\t\t\t<\/div>\n\t\t\t\t<div class=\"elementor-element elementor-element-daf3999 elementor-widget elementor-widget-heading\" data-id=\"daf3999\" data-element_type=\"widget\" data-widget_type=\"heading.default\">\n\t\t\t\t<div class=\"elementor-widget-container\">\n\t\t\t\t\t<h2 class=\"elementor-heading-title elementor-size-default\">Our Vision<\/h2>\t\t\t\t<\/div>\n\t\t\t\t<\/div>\n\t\t\t\t<div class=\"elementor-element elementor-element-cdc2b47 elementor-widget elementor-widget-spacer\" data-id=\"cdc2b47\" data-element_type=\"widget\" data-widget_type=\"spacer.default\">\n\t\t\t\t<div class=\"elementor-widget-container\">\n\t\t\t\t\t\t\t<div class=\"elementor-spacer\">\n\t\t\t<div class=\"elementor-spacer-inner\"><\/div>\n\t\t<\/div>\n\t\t\t\t\t\t<\/div>\n\t\t\t\t<\/div>\n\t\t\t\t<div class=\"elementor-element elementor-element-748b511 elementor-widget elementor-widget-text-editor\" data-id=\"748b511\" data-element_type=\"widget\" data-widget_type=\"text-editor.default\">\n\t\t\t\t<div class=\"elementor-widget-container\">\n\t\t\t\t\t\t\t\t\t<p class=\"MsoNormal translation-block\">We aim to be a benchmark in <b>holistic health education and support<\/b>\u2014not only for those seeking to improve their quality of life, but also for those who wish to dedicate themselves professionally to helping others.\nTo that end, we offer <b>over 30 years of experience<\/b> through a <b>structured academic<\/b> program that trains Holistic Health Facilitators.\nOur graduates earn <b>international certifications<\/b> that enable them to work in various health and wellness settings, applying both modern and traditional tools.<\/p>\n<p class=\"MsoNormal\"><span lang=\"ES-MX\">\u00a0<\/span><\/p>\n<p class=\"MsoNormal translation-block\">Additionally, we\u2019ve created an Accessible <b>Family Membership<\/b>, <b>fully tax-deductible<\/b>, so more people can receive care, guidance, and ongoing support to maintain health continuously\u2014not just when illness arises.<\/p>\t\t\t\t\t\t\t\t<\/div>\n\t\t\t\t<\/div>\n\t\t\t\t<div class=\"elementor-element elementor-element-db784cf elementor-widget elementor-widget-spacer\" data-id=\"db784cf\" data-element_type=\"widget\" data-widget_type=\"spacer.default\">\n\t\t\t\t<div class=\"elementor-widget-container\">\n\t\t\t\t\t\t\t<div class=\"elementor-spacer\">\n\t\t\t<div class=\"elementor-spacer-inner\"><\/div>\n\t\t<\/div>\n\t\t\t\t\t\t<\/div>\n\t\t\t\t<\/div>\n\t\t\t\t<div class=\"elementor-element elementor-element-914b1e0 elementor-widget-divider--view-line elementor-widget elementor-widget-divider\" data-id=\"914b1e0\" data-element_type=\"widget\" data-widget_type=\"divider.default\">\n\t\t\t\t<div class=\"elementor-widget-container\">\n\t\t\t\t\t\t\t<div class=\"elementor-divider\">\n\t\t\t<span class=\"elementor-divider-separator\">\n\t\t\t\t\t\t<\/span>\n\t\t<\/div>\n\t\t\t\t\t\t<\/div>\n\t\t\t\t<\/div>\n\t\t\t\t<div class=\"elementor-element elementor-element-6901fa2 elementor-widget elementor-widget-spacer\" data-id=\"6901fa2\" data-element_type=\"widget\" data-widget_type=\"spacer.default\">\n\t\t\t\t<div class=\"elementor-widget-container\">\n\t\t\t\t\t\t\t<div class=\"elementor-spacer\">\n\t\t\t<div class=\"elementor-spacer-inner\"><\/div>\n\t\t<\/div>\n\t\t\t\t\t\t<\/div>\n\t\t\t\t<\/div>\n\t\t\t\t<div class=\"elementor-element elementor-element-11685e2 elementor-widget elementor-widget-heading\" data-id=\"11685e2\" data-element_type=\"widget\" data-widget_type=\"heading.default\">\n\t\t\t\t<div class=\"elementor-widget-container\">\n\t\t\t\t\t<h2 class=\"elementor-heading-title elementor-size-default\">Our Values<\/h2>\t\t\t\t<\/div>\n\t\t\t\t<\/div>\n\t\t\t\t<div class=\"elementor-element elementor-element-54ea1df elementor-widget elementor-widget-spacer\" data-id=\"54ea1df\" data-element_type=\"widget\" data-widget_type=\"spacer.default\">\n\t\t\t\t<div class=\"elementor-widget-container\">\n\t\t\t\t\t\t\t<div class=\"elementor-spacer\">\n\t\t\t<div class=\"elementor-spacer-inner\"><\/div>\n\t\t<\/div>\n\t\t\t\t\t\t<\/div>\n\t\t\t\t<\/div>\n\t\t\t\t<div class=\"elementor-element elementor-element-a713b2c elementor-widget elementor-widget-text-editor\" data-id=\"a713b2c\" data-element_type=\"widget\" data-widget_type=\"text-editor.default\">\n\t\t\t\t<div class=\"elementor-widget-container\">\n\t\t\t\t\t\t\t\t\t<p style=\"font-size: 15px; font-style: normal; font-weight: 400;\" class=\"translation-block\">We believe that knowledge and technique must always be guided by human principles.<br>\nThat\u2019s why our work is grounded in:<\/p>\n<p>\u00a0<\/p>\n<ul class=\"wp-block-list\" style=\"font-size: 15px; font-style: normal; font-weight: 400;\">\n<li style=\"font-size: 15px; list-style-type: none;\">\n<ul class=\"wp-block-list\" style=\"font-size: 15px;\">\n<li style=\"font-size: 15px;\"><span style=\"font-weight: bold;\">Compassion<\/span>: recognizing and addressing the needs of others with empathy and respect.<\/li>\n<\/ul>\n<\/li>\n<\/ul>\n<ul class=\"wp-block-list\" style=\"font-size: 15px; font-style: normal; font-weight: 400;\">\n<li style=\"font-size: 15px; list-style-type: none;\">\n<ul class=\"wp-block-list\" style=\"font-size: 15px;\">\n<li style=\"font-size: 15px;\"><span style=\"font-weight: bold;\">Integrity<\/span>: acting with fairness and transparency in every service and teaching.<\/li>\n<\/ul>\n<\/li>\n<\/ul>\n<ul class=\"wp-block-list\" style=\"font-size: 15px; font-style: normal; font-weight: 400;\">\n<li style=\"font-size: 15px; list-style-type: none;\">\n<ul class=\"wp-block-list\" style=\"font-size: 15px;\">\n<li style=\"font-size: 15px;\"><span style=\"font-weight: bold;\">Honesty<\/span>: offering real solutions, avoiding false promises, and prioritizing patient well-being.<\/li>\n<\/ul>\n<\/li>\n<\/ul>\n<ul class=\"wp-block-list\" style=\"font-size: 15px; font-style: normal; font-weight: 400;\">\n<li style=\"font-size: 15px; list-style-type: none;\">\n<ul class=\"wp-block-list\" style=\"font-size: 15px;\">\n<li style=\"font-size: 15px;\"><span style=\"font-weight: bold;\">Knowledge<\/span>: supporting every recommendation with ongoing education and proven experience.<\/li>\n<\/ul>\n<\/li>\n<\/ul>\n<ul class=\"wp-block-list\" style=\"font-size: 15px; font-style: normal; font-weight: 400;\">\n<li style=\"font-size: 15px; list-style-type: none;\">\n<ul class=\"wp-block-list\" style=\"font-size: 15px;\">\n<li style=\"font-size: 15px;\"><span style=\"font-weight: bold;\">Discipline<\/span>: maintaining a constant commitment to excellence in health care.<\/li>\n<\/ul>\n<\/li>\n<\/ul>\t\t\t\t\t\t\t\t<\/div>\n\t\t\t\t<\/div>\n\t\t\t\t\t<\/div>\n\t\t\t\t<\/div>\n\t\t\t\t<\/div>","protected":false},"excerpt":{"rendered":"<p>H&amp;H 528 &#8211; Wellness Nuestra Misi\u00f3n \u00a0En nuestra instituci\u00f3n creemos que la salud no es solo la ausencia de enfermedad, sino un estado de equilibrio f\u00edsico, mental y emocional. Nuestra misi\u00f3n es servir a la comunidad con un enfoque integral que permita prevenir desequilibrios f\u00edsicos y mantener una vida plena y digna.Para lograrlo, unimos lo [&hellip;]<\/p>","protected":false},"author":1,"featured_media":0,"parent":0,"menu_order":0,"comment_status":"closed","ping_status":"closed","template":"","meta":{"_eb_attr":"","site-sidebar-layout":"default","site-content-layout":"","ast-site-content-layout":"default","site-content-style":"default","site-sidebar-style":"default","ast-global-header-display":"","ast-banner-title-visibility":"","ast-main-header-display":"","ast-hfb-above-header-display":"","ast-hfb-below-header-display":"","ast-hfb-mobile-header-display":"","site-post-title":"","ast-breadcrumbs-content":"","ast-featured-img":"","footer-sml-layout":"","theme-transparent-header-meta":"","adv-header-id-meta":"","stick-header-meta":"","header-above-stick-meta":"","header-main-stick-meta":"","header-below-stick-meta":"","astra-migrate-meta-layouts":"set","ast-page-background-enabled":"default","ast-page-background-meta":{"desktop":{"background-color":"","background-image":"","background-repeat":"repeat","background-position":"center center","background-size":"auto","background-attachment":"scroll","background-type":"","background-media":"","overlay-type":"","overlay-color":"","overlay-opacity":"","overlay-gradient":""},"tablet":{"background-color":"","background-image":"","background-repeat":"repeat","background-position":"center center","background-size":"auto","background-attachment":"scroll","background-type":"","background-media":"","overlay-type":"","overlay-color":"","overlay-opacity":"","overlay-gradient":""},"mobile":{"background-color":"","background-image":"","background-repeat":"repeat","background-position":"center center","background-size":"auto","background-attachment":"scroll","background-type":"","background-media":"","overlay-type":"","overlay-color":"","overlay-opacity":"","overlay-gradient":""}},"ast-content-background-meta":{"desktop":{"background-color":"var(--ast-global-color-5)","background-image":"","background-repeat":"repeat","background-position":"center center","background-size":"auto","background-attachment":"scroll","background-type":"","background-media":"","overlay-type":"","overlay-color":"","overlay-opacity":"","overlay-gradient":""},"tablet":{"background-color":"var(--ast-global-color-5)","background-image":"","background-repeat":"repeat","background-position":"center center","background-size":"auto","background-attachment":"scroll","background-type":"","background-media":"","overlay-type":"","overlay-color":"","overlay-opacity":"","overlay-gradient":""},"mobile":{"background-color":"var(--ast-global-color-5)","background-image":"","background-repeat":"repeat","background-position":"center center","background-size":"auto","background-attachment":"scroll","background-type":"","background-media":"","overlay-type":"","overlay-color":"","overlay-opacity":"","overlay-gradient":""}},"footnotes":""},"class_list":["post-10","page","type-page","status-publish","hentry"],"jetpack_sharing_enabled":true,"_links":{"self":[{"href":"https:\/\/doctorfalcon.com\/en\/wp-json\/wp\/v2\/pages\/10","targetHints":{"allow":["GET"]}}],"collection":[{"href":"https:\/\/doctorfalcon.com\/en\/wp-json\/wp\/v2\/pages"}],"about":[{"href":"https:\/\/doctorfalcon.com\/en\/wp-json\/wp\/v2\/types\/page"}],"author":[{"embeddable":true,"href":"https:\/\/doctorfalcon.com\/en\/wp-json\/wp\/v2\/users\/1"}],"replies":[{"embeddable":true,"href":"https:\/\/doctorfalcon.com\/en\/wp-json\/wp\/v2\/comments?post=10"}],"version-history":[{"count":17,"href":"https:\/\/doctorfalcon.com\/en\/wp-json\/wp\/v2\/pages\/10\/revisions"}],"predecessor-version":[{"id":2537,"href":"https:\/\/doctorfalcon.com\/en\/wp-json\/wp\/v2\/pages\/10\/revisions\/2537"}],"wp:attachment":[{"href":"https:\/\/doctorfalcon.com\/en\/wp-json\/wp\/v2\/media?parent=10"}],"curies":[{"name":"wp","href":"https:\/\/api.w.org\/{rel}","templated":true}]}}